{"id":43540,"date":"2025-10-10T19:31:27","date_gmt":"2025-10-10T19:31:27","guid":{"rendered":"https:\/\/permab.mdwclientsites.com\/?page_id=43540"},"modified":"2026-02-18T12:28:30","modified_gmt":"2026-02-18T12:28:30","slug":"erklaerung-zur-barrierefreiheit","status":"publish","type":"page","link":"https:\/\/permab.mdwclientsites.com\/de\/erklaerung-zur-barrierefreiheit\/","title":{"rendered":"Erkl\u00e4rung zur Barrierefreiheit"},"content":{"rendered":"\t\t<div data-elementor-type=\"wp-page\" data-elementor-id=\"43540\" class=\"elementor elementor-43540 elementor-35848\" data-elementor-post-type=\"page\">\n\t\t\t\t<div class=\"elementor-element elementor-element-ca0c7b2 e-flex e-con-boxed e-con e-parent\" data-id=\"ca0c7b2\" data-element_type=\"container\" data-e-type=\"container\" data-settings=\"{&quot;background_background&quot;:&quot;classic&quot;}\">\n\t\t\t\t\t<div class=\"e-con-inner\">\n\t\t\t\t<div class=\"elementor-element elementor-element-8ddfcd5 elementor-widget elementor-widget-heading\" data-id=\"8ddfcd5\" data-element_type=\"widget\" data-e-type=\"widget\" data-widget_type=\"heading.default\">\n\t\t\t\t<div class=\"elementor-widget-container\">\n\t\t\t\t\t<h1 class=\"elementor-heading-title elementor-size-default\">Erkl\u00e4rung zur Barrierefreiheit<\/h1>\t\t\t\t<\/div>\n\t\t\t\t<\/div>\n\t\t\t\t\t<\/div>\n\t\t\t\t<\/div>\n\t\t<div class=\"elementor-element elementor-element-10c21c42 e-flex e-con-boxed e-con e-parent\" data-id=\"10c21c42\" data-element_type=\"container\" data-e-type=\"container\">\n\t\t\t\t\t<div class=\"e-con-inner\">\n\t\t\t\t<div class=\"elementor-element elementor-element-480ce1d9 elementor-widget elementor-widget-text-editor\" data-id=\"480ce1d9\" data-element_type=\"widget\" data-e-type=\"widget\" data-widget_type=\"text-editor.default\">\n\t\t\t\t<div class=\"elementor-widget-container\">\n\t\t\t\t\t\t\t\t\t<p>Permabond LLC (\u201ePermabond\u201c, \u201ewir\u201c, \u201euns\u201c oder \u201eunser\u201c) setzt sich daf\u00fcr ein, dass unsere Website <strong><a href=\"https:\/\/permab.mdwclientsites.com\/\">https:\/\/permab.mdwclientsites.com<\/a><\/strong> f\u00fcr alle Menschen zug\u00e4nglich ist, insbesondere f\u00fcr Menschen mit Behinderungen. Wir verbessern kontinuierlich die Benutzerfreundlichkeit und wenden die relevanten Barrierefreiheitsstandards an, um allen Besuchern einen gleichberechtigten Zugang zu erm\u00f6glichen.<\/p><hr \/><h2><strong>Unser Engagement<\/strong><\/h2><p>Wir streben danach, unsere digitalen Inhalte barrierefrei und inklusiv zu gestalten, gem\u00e4\u00df den <strong>Richtlinien f\u00fcr barrierefreie Webinhalte (WCAG) 2.1 Stufe AA<\/strong> des World Wide Web Consortiums (W3C).<br \/>Unsere Bem\u00fchungen um Barrierefreiheit sind fortlaufend, damit unsere Inhalte, unser Design und unsere Funktionen f\u00fcr alle Besucher nutzbar bleiben.<\/p><hr \/><h2><strong>Ma\u00dfnahmen, die wir ergriffen haben<\/strong><\/h2><p>Um die Barrierefreiheit zu verbessern, hat Permabond Folgendes unternommen:<\/p><ul><li>Strukturiertes, semantisches HTML f\u00fcr die Kompatibilit\u00e4t mit Screenreadern implementiert<\/li><li>Beschreibende Alternativtexte f\u00fcr aussagekr\u00e4ftige Bilder bereitgestellt<\/li><li>Ausreichenden Farbkontrast und gute Lesbarkeit der Texte sichergestellt<\/li><li>Barrierefreie Formulare und klare Beschriftungen verwendet<\/li><li>Tastaturnavigation f\u00fcr die meisten Website-Funktionen aktiviert<\/li><\/ul><hr \/><h2><strong>Kontinuierliche Bem\u00fchungen<\/strong><\/h2><p>Wir sind uns bewusst, dass Barrierefreiheit ein fortlaufender Prozess ist. Da sich die Technologie st\u00e4ndig weiterentwickelt, \u00fcberpr\u00fcfen und aktualisieren wir unsere Website kontinuierlich, um Benutzerfreundlichkeit und Barrierefreiheit zu verbessern.<\/p><p>Wir freuen uns \u00fcber Feedback unserer Nutzer, um m\u00f6gliche Barrieren zu erkennen und zu beheben.<\/p><hr \/><h2><strong>Barrierefreiheit<\/strong><\/h2><p>Sollten Sie Schwierigkeiten beim Zugriff auf Teile unserer Website haben oder Materialien in einem alternativen Format ben\u00f6tigen, kontaktieren Sie uns bitte.<br \/>Wir werden uns umgehend bei Ihnen melden und Ihnen Unterst\u00fctzung oder alternative Zugangswege anbieten.<\/p><h3><strong>Kontaktinformationen<\/strong><\/h3><p><strong>Permabond LLC<\/strong><br \/>E-Mail: <strong><a href=\"mailto:info.americas@permab.mdwclientsites.com\">info.americas@permab.mdwclientsites.com<\/a><\/strong><br \/>Telefon: <a href=\"tel:1-732-868-1372\">+1 732-868-1372<\/a><br \/>Postanschrift: 14 Robinson St., Pottstown, PA 19464<\/p><hr \/><h2><strong>Websites Dritter<\/strong><\/h2><p>Unsere Website kann Links zu Websites Dritter (z. B. von Vertriebspartnern oder Partnern) enthalten.<br \/>Obwohl wir uns bem\u00fchen, die Barrierefreiheit auf unseren Plattformen zu gew\u00e4hrleisten, k\u00f6nnen wir die Barrierefreiheit von Inhalten auf externen Websites nicht garantieren.<\/p><hr \/><h2><strong>Zuk\u00fcnftige Verbesserungen<\/strong><\/h2><p>Wir arbeiten kontinuierlich daran, die Barrierefreiheit unserer Website und unserer digitalen Tools zu verbessern.<br \/>Im Zuge der Erweiterung unserer Produkte und Online-Ressourcen werden wir Barrierefreiheit in unseren Design- und Entwicklungsprozess integrieren.<\/p><hr \/><h2><strong>Feedback<\/strong><\/h2><p>Ihr Feedback ist uns wichtig f\u00fcr die st\u00e4ndige Verbesserung unserer Website. Sollten Sie auf Barrieren sto\u00dfen, Fragen haben oder Hilfe beim Zugriff auf Informationen auf unserer Website ben\u00f6tigen, kontaktieren Sie uns bitte unter:<\/p><p>\ud83d\udce7 <strong><a href=\"mailto:info.americas@permab.mdwclientsites.com\">info.americas@permab.mdwclientsites.com<\/a><\/strong><\/p>\t\t\t\t\t\t\t\t<\/div>\n\t\t\t\t<\/div>\n\t\t\t\t\t<\/div>\n\t\t\t\t<\/div>\n\t\t\t\t<\/div>\n\t\t","protected":false},"excerpt":{"rendered":"<p>Erkl\u00e4rung zur Barrierefreiheit Permabond LLC (\u201ePermabond\u201c, \u201ewir\u201c, \u201euns\u201c oder \u201eunser\u201c) setzt sich daf\u00fcr ein, dass unsere Website https:\/\/permab.mdwclientsites.com f\u00fcr alle Menschen zug\u00e4nglich ist, insbesondere f\u00fcr Menschen mit Behinderungen. Wir verbessern kontinuierlich die Benutzerfreundlichkeit und wenden die relevanten Barrierefreiheitsstandards an, um allen Besuchern einen gleichberechtigten Zugang zu erm\u00f6glichen. Unser Engagement Wir streben danach, unsere digitalen Inhalte [&hellip;]<\/p>\n","protected":false},"author":628,"featured_media":11855,"parent":0,"menu_order":0,"comment_status":"closed","ping_status":"closed","template":"","meta":{"_acf_changed":false,"footnotes":""},"class_list":["post-43540","page","type-page","status-publish","has-post-thumbnail","hentry"],"acf":[],"yoast_head":"<!-- This site is optimized with the Yoast SEO Premium plugin v27.4 (Yoast SEO v27.5) - https:\/\/yoast.com\/product\/yoast-seo-premium-wordpress\/ -->\n<title>Erkl\u00e4rung zur Barrierefreiheit - Permabond<\/title>\n<meta name=\"robots\" content=\"index, follow, max-snippet:-1, max-image-preview:large, max-video-preview:-1\" \/>\n<link rel=\"canonical\" href=\"https:\/\/permab.mdwclientsites.com\/de\/erklaerung-zur-barrierefreiheit\/\" \/>\n<meta property=\"og:locale\" content=\"de_DE\" \/>\n<meta property=\"og:type\" content=\"article\" \/>\n<meta property=\"og:title\" content=\"Erkl\u00e4rung zur Barrierefreiheit\" \/>\n<meta property=\"og:description\" content=\"Erkl\u00e4rung zur Barrierefreiheit Permabond LLC (\u201ePermabond\u201c, \u201ewir\u201c, \u201euns\u201c oder \u201eunser\u201c) setzt sich daf\u00fcr ein, dass unsere Website https:\/\/permab.mdwclientsites.com f\u00fcr alle Menschen zug\u00e4nglich ist, insbesondere f\u00fcr Menschen mit Behinderungen. Wir verbessern kontinuierlich die Benutzerfreundlichkeit und wenden die relevanten Barrierefreiheitsstandards an, um allen Besuchern einen gleichberechtigten Zugang zu erm\u00f6glichen. Unser Engagement Wir streben danach, unsere digitalen Inhalte [&hellip;]\" \/>\n<meta property=\"og:url\" content=\"https:\/\/permab.mdwclientsites.com\/de\/erklaerung-zur-barrierefreiheit\/\" \/>\n<meta property=\"og:site_name\" content=\"Permabond\" \/>\n<meta property=\"article:publisher\" content=\"https:\/\/www.facebook.com\/permabondEA\/\" \/>\n<meta property=\"article:modified_time\" content=\"2026-02-18T12:28:30+00:00\" \/>\n<meta property=\"og:image\" content=\"https:\/\/permab.mdwclientsites.com\/wp-content\/uploads\/2022\/11\/Permabond-Default-1.jpg\" \/>\n\t<meta property=\"og:image:width\" content=\"450\" \/>\n\t<meta property=\"og:image:height\" content=\"250\" \/>\n\t<meta property=\"og:image:type\" content=\"image\/jpeg\" \/>\n<meta name=\"twitter:card\" content=\"summary_large_image\" \/>\n<meta name=\"twitter:site\" content=\"@PermabondEA\" \/>\n<meta name=\"twitter:label1\" content=\"Gesch\u00e4tzte Lesezeit\" \/>\n\t<meta name=\"twitter:data1\" content=\"3\u00a0Minuten\" \/>\n<!-- \/ Yoast SEO Premium plugin. -->","yoast_head_json":{"title":"Erkl\u00e4rung zur Barrierefreiheit - Permabond","robots":{"index":"index","follow":"follow","max-snippet":"max-snippet:-1","max-image-preview":"max-image-preview:large","max-video-preview":"max-video-preview:-1"},"canonical":"https:\/\/permab.mdwclientsites.com\/de\/erklaerung-zur-barrierefreiheit\/","og_locale":"de_DE","og_type":"article","og_title":"Erkl\u00e4rung zur Barrierefreiheit","og_description":"Erkl\u00e4rung zur Barrierefreiheit Permabond LLC (\u201ePermabond\u201c, \u201ewir\u201c, \u201euns\u201c oder \u201eunser\u201c) setzt sich daf\u00fcr ein, dass unsere Website https:\/\/permab.mdwclientsites.com f\u00fcr alle Menschen zug\u00e4nglich ist, insbesondere f\u00fcr Menschen mit Behinderungen. Wir verbessern kontinuierlich die Benutzerfreundlichkeit und wenden die relevanten Barrierefreiheitsstandards an, um allen Besuchern einen gleichberechtigten Zugang zu erm\u00f6glichen. Unser Engagement Wir streben danach, unsere digitalen Inhalte [&hellip;]","og_url":"https:\/\/permab.mdwclientsites.com\/de\/erklaerung-zur-barrierefreiheit\/","og_site_name":"Permabond","article_publisher":"https:\/\/www.facebook.com\/permabondEA\/","article_modified_time":"2026-02-18T12:28:30+00:00","og_image":[{"width":450,"height":250,"url":"https:\/\/permab.mdwclientsites.com\/wp-content\/uploads\/2022\/11\/Permabond-Default-1.jpg","type":"image\/jpeg"}],"twitter_card":"summary_large_image","twitter_site":"@PermabondEA","twitter_misc":{"Gesch\u00e4tzte Lesezeit":"3\u00a0Minuten"},"schema":{"@context":"https:\/\/schema.org","@graph":[{"@type":"WebPage","@id":"https:\/\/permab.mdwclientsites.com\/de\/erklaerung-zur-barrierefreiheit\/","url":"https:\/\/permab.mdwclientsites.com\/de\/erklaerung-zur-barrierefreiheit\/","name":"Erkl\u00e4rung zur Barrierefreiheit - Permabond","isPartOf":{"@id":"https:\/\/permab.mdwclientsites.com\/de\/#website"},"primaryImageOfPage":{"@id":"https:\/\/permab.mdwclientsites.com\/de\/erklaerung-zur-barrierefreiheit\/#primaryimage"},"image":{"@id":"https:\/\/permab.mdwclientsites.com\/de\/erklaerung-zur-barrierefreiheit\/#primaryimage"},"thumbnailUrl":"https:\/\/permab.mdwclientsites.com\/wp-content\/uploads\/2022\/11\/Permabond-Default-1.jpg","datePublished":"2025-10-10T19:31:27+00:00","dateModified":"2026-02-18T12:28:30+00:00","breadcrumb":{"@id":"https:\/\/permab.mdwclientsites.com\/de\/erklaerung-zur-barrierefreiheit\/#breadcrumb"},"inLanguage":"de","potentialAction":[{"@type":"ReadAction","target":["https:\/\/permab.mdwclientsites.com\/de\/erklaerung-zur-barrierefreiheit\/"]}]},{"@type":"ImageObject","inLanguage":"de","@id":"https:\/\/permab.mdwclientsites.com\/de\/erklaerung-zur-barrierefreiheit\/#primaryimage","url":"https:\/\/permab.mdwclientsites.com\/wp-content\/uploads\/2022\/11\/Permabond-Default-1.jpg","contentUrl":"https:\/\/permab.mdwclientsites.com\/wp-content\/uploads\/2022\/11\/Permabond-Default-1.jpg","width":450,"height":250},{"@type":"BreadcrumbList","@id":"https:\/\/permab.mdwclientsites.com\/de\/erklaerung-zur-barrierefreiheit\/#breadcrumb","itemListElement":[{"@type":"ListItem","position":1,"name":"Home","item":"https:\/\/permab.mdwclientsites.com\/de\/"},{"@type":"ListItem","position":2,"name":"Erkl\u00e4rung zur Barrierefreiheit"}]},{"@type":"WebSite","@id":"https:\/\/permab.mdwclientsites.com\/de\/#website","url":"https:\/\/permab.mdwclientsites.com\/de\/","name":"Permabond","description":"Permabond","publisher":{"@id":"https:\/\/permab.mdwclientsites.com\/de\/#organization"},"alternateName":"Permabond Engineering Adhesives","potentialAction":[{"@type":"SearchAction","target":{"@type":"EntryPoint","urlTemplate":"https:\/\/permab.mdwclientsites.com\/de\/?s={search_term_string}"},"query-input":{"@type":"PropertyValueSpecification","valueRequired":true,"valueName":"search_term_string"}}],"inLanguage":"de"},{"@type":"Organization","@id":"https:\/\/permab.mdwclientsites.com\/de\/#organization","name":"Permabond Engineering Adhesives","alternateName":"Permabond","url":"https:\/\/permab.mdwclientsites.com\/de\/","logo":{"@type":"ImageObject","inLanguage":"de","@id":"https:\/\/permab.mdwclientsites.com\/de\/#\/schema\/logo\/image\/","url":"https:\/\/permab.mdwclientsites.com\/wp-content\/uploads\/2022\/09\/permabond-logo-BLUE-1.png","contentUrl":"https:\/\/permab.mdwclientsites.com\/wp-content\/uploads\/2022\/09\/permabond-logo-BLUE-1.png","width":1371,"height":243,"caption":"Permabond Engineering Adhesives"},"image":{"@id":"https:\/\/permab.mdwclientsites.com\/de\/#\/schema\/logo\/image\/"},"sameAs":["https:\/\/www.facebook.com\/permabondEA\/","https:\/\/x.com\/PermabondEA","https:\/\/www.linkedin.com\/company\/permabond-engineering-adhesives"]}]}},"_links":{"self":[{"href":"https:\/\/permab.mdwclientsites.com\/de\/wp-json\/wp\/v2\/pages\/43540","targetHints":{"allow":["GET"]}}],"collection":[{"href":"https:\/\/permab.mdwclientsites.com\/de\/wp-json\/wp\/v2\/pages"}],"about":[{"href":"https:\/\/permab.mdwclientsites.com\/de\/wp-json\/wp\/v2\/types\/page"}],"author":[{"embeddable":true,"href":"https:\/\/permab.mdwclientsites.com\/de\/wp-json\/wp\/v2\/users\/628"}],"replies":[{"embeddable":true,"href":"https:\/\/permab.mdwclientsites.com\/de\/wp-json\/wp\/v2\/comments?post=43540"}],"version-history":[{"count":0,"href":"https:\/\/permab.mdwclientsites.com\/de\/wp-json\/wp\/v2\/pages\/43540\/revisions"}],"wp:featuredmedia":[{"embeddable":true,"href":"https:\/\/permab.mdwclientsites.com\/de\/wp-json\/wp\/v2\/media\/11855"}],"wp:attachment":[{"href":"https:\/\/permab.mdwclientsites.com\/de\/wp-json\/wp\/v2\/media?parent=43540"}],"curies":[{"name":"wp","href":"https:\/\/api.w.org\/{rel}","templated":true}]}}